{"id":15222,"date":"2021-09-09T10:11:31","date_gmt":"2021-09-09T10:11:31","guid":{"rendered":"https:\/\/rmterapias.es\/contacte\/"},"modified":"2023-09-12T04:58:12","modified_gmt":"2023-09-12T04:58:12","slug":"contacte","status":"publish","type":"page","link":"https:\/\/rmterapias.es\/ca\/contacte\/","title":{"rendered":"Contacte"},"content":{"rendered":"\t\t<div data-elementor-type=\"wp-page\" data-elementor-id=\"15222\" class=\"elementor elementor-15222 elementor-4536\">\n\t\t\t\t\t\t<div class=\"elementor-section elementor-top-section elementor-element elementor-element-64b624e elementor-section-stretched elementor-section-boxed elementor-section-height-default elementor-section-height-default wpr-particle-no wpr-jarallax-no wpr-parallax-no wpr-sticky-section-no\" data-id=\"64b624e\" data-element_type=\"section\" data-settings=\"{&quot;stretch_section&quot;:&quot;section-stretched&quot;,&quot;background_background&quot;:&quot;classic&quot;}\">\n\t\t\t\t\t\t\t<div class=\"elementor-background-overlay\"><\/div>\n\t\t\t\t\t\t\t<div class=\"elementor-container elementor-column-gap-default\">\n\t\t\t\t\t<div class=\"elementor-column elementor-col-100 elementor-top-column elementor-element elementor-element-1a13564 layouts-column-align-inherit layouts-section-position-none\" data-id=\"1a13564\" data-element_type=\"column\">\n\t\t\t<div class=\"elementor-widget-wrap elementor-element-populated\">\n\t\t\t\t\t\t<div class=\"elementor-section elementor-inner-section elementor-element elementor-element-f9f73c5 elementor-section-boxed elementor-section-height-default elementor-section-height-default wpr-particle-no wpr-jarallax-no wpr-parallax-no wpr-sticky-section-no\" data-id=\"f9f73c5\" data-element_type=\"section\">\n\t\t\t\t\t\t<div class=\"elementor-container elementor-column-gap-default\">\n\t\t\t\t\t<div class=\"elementor-column elementor-col-50 elementor-inner-column elementor-element elementor-element-fd83900 layouts-column-align-inherit layouts-section-position-none\" data-id=\"fd83900\" data-element_type=\"column\">\n\t\t\t<div class=\"elementor-widget-wrap elementor-element-populated\">\n\t\t\t\t\t\t<div class=\"hf-elementor-layout elementor-element elementor-element-8483b29 elementor-widget elementor-widget-image\" data-id=\"8483b29\" data-element_type=\"widget\" data-widget_type=\"image.default\">\n\t\t\t\t<div class=\"elementor-widget-container\">\n\t\t\t\t\t\t\t\t\t\t\t\t\t<img decoding=\"async\" src=\"https:\/\/rmterapias.es\/wp-content\/uploads\/2023\/08\/psicoterapia-natural-hospitalet-scaled.jpg\" title=\"psicoterapia-natural-hospitalet\" alt=\"psicoterapia-natural-hospitalet\" loading=\"lazy\" \/>\t\t\t\t\t\t\t\t\t\t\t\t\t<\/div>\n\t\t\t\t<\/div>\n\t\t\t\t\t<\/div>\n\t\t<\/div>\n\t\t\t\t<div class=\"elementor-column elementor-col-50 elementor-inner-column elementor-element elementor-element-a97610c layouts-column-align-inherit layouts-section-position-none\" data-id=\"a97610c\" data-element_type=\"column\">\n\t\t\t<div class=\"elementor-widget-wrap elementor-element-populated\">\n\t\t\t\t\t\t<div class=\"hf-elementor-layout elementor-element elementor-element-bfe7b01 elementor-widget elementor-widget-shortcode\" data-id=\"bfe7b01\" data-element_type=\"widget\" data-widget_type=\"shortcode.default\">\n\t\t\t\t<div class=\"elementor-widget-container\">\n\t\t\t\t\t<div class=\"elementor-shortcode\">\n<div class=\"wpcf7 no-js\" id=\"wpcf7-f4558-o1\" lang=\"es-ES\" dir=\"ltr\">\n<div class=\"screen-reader-response\"><p role=\"status\" aria-live=\"polite\" aria-atomic=\"true\"><\/p> <ul><\/ul><\/div>\n<form action=\"\/ca\/wp-json\/wp\/v2\/pages\/15222#wpcf7-f4558-o1\" method=\"post\" class=\"wpcf7-form init\" aria-label=\"Formulario de contacto\" novalidate=\"novalidate\" data-status=\"init\">\n<div style=\"display: none;\">\n<input type=\"hidden\" name=\"_wpcf7\" value=\"4558\" \/>\n<input type=\"hidden\" name=\"_wpcf7_version\" value=\"5.9.8\" \/>\n<input type=\"hidden\" name=\"_wpcf7_locale\" value=\"es_ES\" \/>\n<input type=\"hidden\" name=\"_wpcf7_unit_tag\" value=\"wpcf7-f4558-o1\" \/>\n<input type=\"hidden\" name=\"_wpcf7_container_post\" value=\"0\" \/>\n<input type=\"hidden\" name=\"_wpcf7_posted_data_hash\" value=\"\" \/>\n<\/div>\n<div class=\"contact-form form-one\">\n\t<div class=\"row\">\n\t\t<div class=\"col-lg-12\">\n\t\t\t<div class=\"powerhour-input-wrap\">\n\t\t\t\t<div class=\"cfield\">\n\t\t\t\t\t<p><label>El teu nom<\/label><span class=\"wpcf7-form-control-wrap\" data-name=\"your-name\"><input size=\"40\" maxlength=\"400\" class=\"wpcf7-form-control wpcf7-text wpcf7-validates-as-required\" aria-required=\"true\" aria-invalid=\"false\" placeholder=\"Introdueix el teu nom\" value=\"\" type=\"text\" name=\"your-name\" \/><\/span>\n\t\t\t\t\t<\/p>\n\t\t\t\t<\/div>\n\t\t\t<\/div>\n\t\t<\/div>\n\t\t<div class=\"col-lg-12\">\n\t\t\t<div class=\"powerhour-input-wrap\">\n\t\t\t\t<div class=\"cfield\">\n\t\t\t\t\t<p><label>Email<\/label><span class=\"wpcf7-form-control-wrap\" data-name=\"your-email\"><input size=\"40\" maxlength=\"400\" class=\"wpcf7-form-control wpcf7-email wpcf7-validates-as-required wpcf7-text wpcf7-validates-as-email\" aria-required=\"true\" aria-invalid=\"false\" placeholder=\"Adre\u00e7a email de contacte\" value=\"\" type=\"email\" name=\"your-email\" \/><\/span>\n\t\t\t\t\t<\/p>\n\t\t\t\t<\/div>\n\t\t\t<\/div>\n\t\t<\/div>\n\t\t<div class=\"col-lg-12\">\n\t\t\t<div class=\"powerhour-input-wrap\">\n\t\t\t\t<div class=\"cfield\">\n\t\t\t\t\t<p><label>Tel\u00e8fon<\/label><span class=\"wpcf7-form-control-wrap\" data-name=\"your-name\"><input size=\"40\" maxlength=\"400\" class=\"wpcf7-form-control wpcf7-text\" aria-invalid=\"false\" placeholder=\"Completa aquest camp si prefereixes que et truquem\" value=\"\" type=\"text\" name=\"your-name\" \/><\/span>\n\t\t\t\t\t<\/p>\n\t\t\t\t<\/div>\n\t\t\t<\/div>\n\t\t<\/div>\n\t\t<div class=\"col-lg-12\">\n\t\t\t<div class=\"powerhour-area-wrap\">\n\t\t\t\t<div class=\"cfield obsido-textarea\">\n\t\t\t\t\t<p><label>Mensaje<\/label><span class=\"wpcf7-form-control-wrap\" data-name=\"your-message\"><textarea cols=\"40\" rows=\"10\" maxlength=\"2000\" class=\"wpcf7-form-control wpcf7-textarea wpcf7-validates-as-required\" aria-required=\"true\" aria-invalid=\"false\" placeholder=\"Escriu el que necessitis\" name=\"your-message\"><\/textarea><\/span>\n\t\t\t\t\t<\/p>\n\t\t\t\t<\/div>\n\t\t\t<\/div>\n\t\t<\/div>\n\t\t<div class=\"col-lg-12\">\n\t\t\t<p><button name=\"submit\" type=\"submit\" class=\"powerhour-button submit contact-form-button\" value=\"Post Comment\"><span class=\"text-btn\">Enviar<\/span><\/button>\n\t\t\t<\/p>\n\t\t<\/div>\n\t<\/div>\n<\/div>\n<p><label> RM Ter\u00e0pies com a responsable del tractament tractar\u00e0 les teves dades amb la finalitat de donar resposta a la teva consulta o petici\u00f3. Pots accedir, rectificar i suprimir les teves dades, aix\u00ed com exercir altres drets consultant la informaci\u00f3 present en la nostra Pol\u00edtica de Privacitat.<br \/>\n<\/label>\n<\/p>\n<p><span class=\"wpcf7-form-control-wrap\" data-name=\"acceptance-234\"><span class=\"wpcf7-form-control wpcf7-acceptance\"><span class=\"wpcf7-list-item\"><label><input type=\"checkbox\" name=\"acceptance-234\" value=\"1\" aria-invalid=\"false\" \/><span class=\"wpcf7-list-item-label\">Estic d'acord amb els termes de la <a href=\"\/ca\/politica-de-privacitat\/\" target=\"_blank\">POL\u00cdTICA DE PRIVACITAT I TRACTAMENT DE DADES<\/a> de RM Ter\u00e0pies.<\/span><\/label><\/span><\/span><\/span>\n<\/p><p style=\"display: none !important;\" class=\"akismet-fields-container\" data-prefix=\"_wpcf7_ak_\"><label>&#916;<textarea name=\"_wpcf7_ak_hp_textarea\" cols=\"45\" rows=\"8\" maxlength=\"100\"><\/textarea><\/label><input type=\"hidden\" id=\"ak_js_1\" name=\"_wpcf7_ak_js\" value=\"23\"\/><script>document.getElementById( \"ak_js_1\" ).setAttribute( \"value\", ( new Date() ).getTime() );<\/script><\/p><div class=\"wpcf7-response-output\" aria-hidden=\"true\"><\/div>\n<\/form>\n<\/div>\n<\/div>\n\t\t\t\t<\/div>\n\t\t\t\t<\/div>\n\t\t\t\t\t<\/div>\n\t\t<\/div>\n\t\t\t\t\t<\/div>\n\t\t<\/div>\n\t\t\t\t\t<\/div>\n\t\t<\/div>\n\t\t\t\t\t<\/div>\n\t\t<\/div>\n\t\t\t\t<div class=\"elementor-section elementor-top-section elementor-element elementor-element-0946550 elementor-section-stretched elementor-section-full_width elementor-section-height-default elementor-section-height-default wpr-particle-no wpr-jarallax-no wpr-parallax-no wpr-sticky-section-no\" data-id=\"0946550\" data-element_type=\"section\" data-settings=\"{&quot;stretch_section&quot;:&quot;section-stretched&quot;,&quot;background_background&quot;:&quot;classic&quot;}\">\n\t\t\t\t\t\t\t<div class=\"elementor-background-overlay\"><\/div>\n\t\t\t\t\t\t\t<div class=\"elementor-container elementor-column-gap-default\">\n\t\t\t\t\t<div class=\"elementor-column elementor-col-100 elementor-top-column elementor-element elementor-element-553e814 layouts-column-align-inherit layouts-section-position-none\" data-id=\"553e814\" data-element_type=\"column\">\n\t\t\t<div class=\"elementor-widget-wrap elementor-element-populated\">\n\t\t\t\t\t\t<div class=\"elementor-section elementor-inner-section elementor-element elementor-element-c29cb93 elementor-section-boxed elementor-section-height-default elementor-section-height-default wpr-particle-no wpr-jarallax-no wpr-parallax-no wpr-sticky-section-no\" data-id=\"c29cb93\" data-element_type=\"section\">\n\t\t\t\t\t\t<div class=\"elementor-container elementor-column-gap-default\">\n\t\t\t\t\t<div class=\"elementor-column elementor-col-100 elementor-inner-column elementor-element elementor-element-9932e21 layouts-column-align-inherit layouts-section-position-none\" data-id=\"9932e21\" data-element_type=\"column\">\n\t\t\t<div class=\"elementor-widget-wrap elementor-element-populated\">\n\t\t\t\t\t\t<div class=\"hf-elementor-layout elementor-element elementor-element-4dfccc2 elementor-widget elementor-widget-iqonic_title\" data-id=\"4dfccc2\" data-element_type=\"widget\" data-widget_type=\"iqonic_title.default\">\n\t\t\t\t<div class=\"elementor-widget-container\">\n\t\t\t\t<div class=\"center powerhour-title-box powerhour-title-box-1\">\n\t\t\t\t\t<div class=\"powerhour-title-icon\">\n\t\t\t\t\t\t\t<\/div>\n\t\t\t\t\t\t\t\t<span class=\"powerhour-subtitle\">Ubicaci\u00f3<\/span>\t\t\t\t\n\t\t\t        <h2 class=\"powerhour-title powerhour-heading-title\">\n                         Visita la <span class='highlighted-text-wrap'><span class='highlighted-text'>nostra<\/span><\/span> <span class='highlighted-text-wrap'><span class='highlighted-text'>consulta<\/span><\/span>        <\/h2>\n    \t\t\t\n\t\t\t\t\t<\/div> \n\t\t<\/div>\n\t\t\t\t<\/div>\n\t\t\t\t\t<\/div>\n\t\t<\/div>\n\t\t\t\t\t<\/div>\n\t\t<\/div>\n\t\t\t\t<div class=\"elementor-section elementor-inner-section elementor-element elementor-element-3736a7c elementor-section-full_width elementor-section-height-default elementor-section-height-default wpr-particle-no wpr-jarallax-no wpr-parallax-no wpr-sticky-section-no\" data-id=\"3736a7c\" data-element_type=\"section\">\n\t\t\t\t\t\t<div class=\"elementor-container elementor-column-gap-default\">\n\t\t\t\t\t<div class=\"elementor-column elementor-col-100 elementor-inner-column elementor-element elementor-element-8eaefbe layouts-column-align-inherit layouts-section-position-none\" data-id=\"8eaefbe\" data-element_type=\"column\">\n\t\t\t<div class=\"elementor-widget-wrap elementor-element-populated\">\n\t\t\t\t\t\t<div class=\"hf-elementor-layout elementor-element elementor-element-53d54c3 elementor-widget elementor-widget-google_maps\" data-id=\"53d54c3\" data-element_type=\"widget\" data-widget_type=\"google_maps.default\">\n\t\t\t\t<div class=\"elementor-widget-container\">\n\t\t\t\t\t<div class=\"elementor-custom-embed\">\n\t\t\t<iframe loading=\"lazy\"\n\t\t\t\t\tsrc=\"https:\/\/maps.google.com\/maps?q=Rambla%20Just%20Oliveras%2048%204rt%204b%2C%2008901%2C%20Hospitalet%20del%20Llobregat&#038;t=m&#038;z=18&#038;output=embed&#038;iwloc=near\"\n\t\t\t\t\ttitle=\"Rambla Just Oliveras 48 4rt 4b, 08901, Hospitalet del Llobregat\"\n\t\t\t\t\taria-label=\"Rambla Just Oliveras 48 4rt 4b, 08901, Hospitalet del Llobregat\"\n\t\t\t><\/iframe>\n\t\t<\/div>\n\t\t\t\t<\/div>\n\t\t\t\t<\/div>\n\t\t\t\t\t<\/div>\n\t\t<\/div>\n\t\t\t\t\t<\/div>\n\t\t<\/div>\n\t\t\t\t\t<\/div>\n\t\t<\/div>\n\t\t\t\t\t<\/div>\n\t\t<\/div>\n\t\t\t\t<\/div>\n\t\t","protected":false},"excerpt":{"rendered":"<p>Ubicaci\u00f3 Visita la nostra consulta<\/p>\n","protected":false},"author":1,"featured_media":15185,"parent":0,"menu_order":0,"comment_status":"closed","ping_status":"closed","template":"","meta":{"_acf_changed":false,"footnotes":""},"class_list":["post-15222","page","type-page","status-publish","has-post-thumbnail","hentry"],"acf":[],"yoast_head":"<!-- This site is optimized with the Yoast SEO plugin v23.4 - https:\/\/yoast.com\/wordpress\/plugins\/seo\/ -->\n<title>Contacte i adresses - RM Terapias<\/title>\n<meta name=\"description\" content=\"Contacta amb nosaltres i descobreix el nostre centre de ter\u00e0pies naturals en el cor d&#039;Hospitalet. Ofertes especials i packs amb descompte.\" \/>\n<meta name=\"robots\" content=\"index, follow, max-snippet:-1, max-image-preview:large, max-video-preview:-1\" \/>\n<link rel=\"canonical\" href=\"https:\/\/rmterapias.es\/ca\/contacte\/\" \/>\n<meta property=\"og:locale\" content=\"ca_ES\" \/>\n<meta property=\"og:type\" content=\"article\" \/>\n<meta property=\"og:title\" content=\"Contacte i adresses - RM Terapias\" \/>\n<meta property=\"og:description\" content=\"Contacta amb nosaltres i descobreix el nostre centre de ter\u00e0pies naturals en el cor d&#039;Hospitalet. Ofertes especials i packs amb descompte.\" \/>\n<meta property=\"og:url\" content=\"https:\/\/rmterapias.es\/ca\/contacte\/\" \/>\n<meta property=\"og:site_name\" content=\"RM Terapias\" \/>\n<meta property=\"article:modified_time\" content=\"2023-09-12T04:58:12+00:00\" \/>\n<meta property=\"og:image\" content=\"https:\/\/rmterapias.es\/wp-content\/uploads\/2023\/09\/terapeuta-hospitalet-cerca-de-mi-scaled.jpg\" \/>\n\t<meta property=\"og:image:width\" content=\"2560\" \/>\n\t<meta property=\"og:image:height\" content=\"1920\" \/>\n\t<meta property=\"og:image:type\" content=\"image\/jpeg\" \/>\n<meta name=\"twitter:card\" content=\"summary_large_image\" \/>\n<meta name=\"twitter:label1\" content=\"Temps estimat de lectura\" \/>\n\t<meta name=\"twitter:data1\" content=\"1 minut\" \/>\n<script type=\"application\/ld+json\" class=\"yoast-schema-graph\">{\"@context\":\"https:\/\/schema.org\",\"@graph\":[{\"@type\":\"WebPage\",\"@id\":\"https:\/\/rmterapias.es\/ca\/contacte\/\",\"url\":\"https:\/\/rmterapias.es\/ca\/contacte\/\",\"name\":\"Contacte i adresses - RM Terapias\",\"isPartOf\":{\"@id\":\"https:\/\/rmterapias.es\/ca\/#website\"},\"primaryImageOfPage\":{\"@id\":\"https:\/\/rmterapias.es\/ca\/contacte\/#primaryimage\"},\"image\":{\"@id\":\"https:\/\/rmterapias.es\/ca\/contacte\/#primaryimage\"},\"thumbnailUrl\":\"https:\/\/rmterapias.es\/wp-content\/uploads\/2023\/09\/terapeuta-hospitalet-cerca-de-mi-scaled.jpg\",\"datePublished\":\"2021-09-09T10:11:31+00:00\",\"dateModified\":\"2023-09-12T04:58:12+00:00\",\"description\":\"Contacta amb nosaltres i descobreix el nostre centre de ter\u00e0pies naturals en el cor d'Hospitalet. Ofertes especials i packs amb descompte.\",\"breadcrumb\":{\"@id\":\"https:\/\/rmterapias.es\/ca\/contacte\/#breadcrumb\"},\"inLanguage\":\"ca\",\"potentialAction\":[{\"@type\":\"ReadAction\",\"target\":[\"https:\/\/rmterapias.es\/ca\/contacte\/\"]}]},{\"@type\":\"ImageObject\",\"inLanguage\":\"ca\",\"@id\":\"https:\/\/rmterapias.es\/ca\/contacte\/#primaryimage\",\"url\":\"https:\/\/rmterapias.es\/wp-content\/uploads\/2023\/09\/terapeuta-hospitalet-cerca-de-mi-scaled.jpg\",\"contentUrl\":\"https:\/\/rmterapias.es\/wp-content\/uploads\/2023\/09\/terapeuta-hospitalet-cerca-de-mi-scaled.jpg\",\"width\":2560,\"height\":1920},{\"@type\":\"BreadcrumbList\",\"@id\":\"https:\/\/rmterapias.es\/ca\/contacte\/#breadcrumb\",\"itemListElement\":[{\"@type\":\"ListItem\",\"position\":1,\"name\":\"Portada\",\"item\":\"https:\/\/rmterapias.es\/ca\/\"},{\"@type\":\"ListItem\",\"position\":2,\"name\":\"Contacte\"}]},{\"@type\":\"WebSite\",\"@id\":\"https:\/\/rmterapias.es\/ca\/#website\",\"url\":\"https:\/\/rmterapias.es\/ca\/\",\"name\":\"RM Terapias\",\"description\":\"Terapias naturales\",\"publisher\":{\"@id\":\"https:\/\/rmterapias.es\/ca\/#organization\"},\"potentialAction\":[{\"@type\":\"SearchAction\",\"target\":{\"@type\":\"EntryPoint\",\"urlTemplate\":\"https:\/\/rmterapias.es\/ca\/?s={search_term_string}\"},\"query-input\":{\"@type\":\"PropertyValueSpecification\",\"valueRequired\":true,\"valueName\":\"search_term_string\"}}],\"inLanguage\":\"ca\"},{\"@type\":\"Organization\",\"@id\":\"https:\/\/rmterapias.es\/ca\/#organization\",\"name\":\"RM Terapias\",\"url\":\"https:\/\/rmterapias.es\/ca\/\",\"logo\":{\"@type\":\"ImageObject\",\"inLanguage\":\"ca\",\"@id\":\"https:\/\/rmterapias.es\/ca\/#\/schema\/logo\/image\/\",\"url\":\"https:\/\/rmterapias.es\/wp-content\/uploads\/2023\/08\/Logo-RM-Terapias-Negro.png\",\"contentUrl\":\"https:\/\/rmterapias.es\/wp-content\/uploads\/2023\/08\/Logo-RM-Terapias-Negro.png\",\"width\":1913,\"height\":1283,\"caption\":\"RM Terapias\"},\"image\":{\"@id\":\"https:\/\/rmterapias.es\/ca\/#\/schema\/logo\/image\/\"}}]}<\/script>\n<!-- \/ Yoast SEO plugin. -->","yoast_head_json":{"title":"Contacte i adresses - RM Terapias","description":"Contacta amb nosaltres i descobreix el nostre centre de ter\u00e0pies naturals en el cor d'Hospitalet. Ofertes especials i packs amb descompte.","robots":{"index":"index","follow":"follow","max-snippet":"max-snippet:-1","max-image-preview":"max-image-preview:large","max-video-preview":"max-video-preview:-1"},"canonical":"https:\/\/rmterapias.es\/ca\/contacte\/","og_locale":"ca_ES","og_type":"article","og_title":"Contacte i adresses - RM Terapias","og_description":"Contacta amb nosaltres i descobreix el nostre centre de ter\u00e0pies naturals en el cor d'Hospitalet. Ofertes especials i packs amb descompte.","og_url":"https:\/\/rmterapias.es\/ca\/contacte\/","og_site_name":"RM Terapias","article_modified_time":"2023-09-12T04:58:12+00:00","og_image":[{"width":2560,"height":1920,"url":"https:\/\/rmterapias.es\/wp-content\/uploads\/2023\/09\/terapeuta-hospitalet-cerca-de-mi-scaled.jpg","type":"image\/jpeg"}],"twitter_card":"summary_large_image","twitter_misc":{"Temps estimat de lectura":"1 minut"},"schema":{"@context":"https:\/\/schema.org","@graph":[{"@type":"WebPage","@id":"https:\/\/rmterapias.es\/ca\/contacte\/","url":"https:\/\/rmterapias.es\/ca\/contacte\/","name":"Contacte i adresses - RM Terapias","isPartOf":{"@id":"https:\/\/rmterapias.es\/ca\/#website"},"primaryImageOfPage":{"@id":"https:\/\/rmterapias.es\/ca\/contacte\/#primaryimage"},"image":{"@id":"https:\/\/rmterapias.es\/ca\/contacte\/#primaryimage"},"thumbnailUrl":"https:\/\/rmterapias.es\/wp-content\/uploads\/2023\/09\/terapeuta-hospitalet-cerca-de-mi-scaled.jpg","datePublished":"2021-09-09T10:11:31+00:00","dateModified":"2023-09-12T04:58:12+00:00","description":"Contacta amb nosaltres i descobreix el nostre centre de ter\u00e0pies naturals en el cor d'Hospitalet. Ofertes especials i packs amb descompte.","breadcrumb":{"@id":"https:\/\/rmterapias.es\/ca\/contacte\/#breadcrumb"},"inLanguage":"ca","potentialAction":[{"@type":"ReadAction","target":["https:\/\/rmterapias.es\/ca\/contacte\/"]}]},{"@type":"ImageObject","inLanguage":"ca","@id":"https:\/\/rmterapias.es\/ca\/contacte\/#primaryimage","url":"https:\/\/rmterapias.es\/wp-content\/uploads\/2023\/09\/terapeuta-hospitalet-cerca-de-mi-scaled.jpg","contentUrl":"https:\/\/rmterapias.es\/wp-content\/uploads\/2023\/09\/terapeuta-hospitalet-cerca-de-mi-scaled.jpg","width":2560,"height":1920},{"@type":"BreadcrumbList","@id":"https:\/\/rmterapias.es\/ca\/contacte\/#breadcrumb","itemListElement":[{"@type":"ListItem","position":1,"name":"Portada","item":"https:\/\/rmterapias.es\/ca\/"},{"@type":"ListItem","position":2,"name":"Contacte"}]},{"@type":"WebSite","@id":"https:\/\/rmterapias.es\/ca\/#website","url":"https:\/\/rmterapias.es\/ca\/","name":"RM Terapias","description":"Terapias naturales","publisher":{"@id":"https:\/\/rmterapias.es\/ca\/#organization"},"potentialAction":[{"@type":"SearchAction","target":{"@type":"EntryPoint","urlTemplate":"https:\/\/rmterapias.es\/ca\/?s={search_term_string}"},"query-input":{"@type":"PropertyValueSpecification","valueRequired":true,"valueName":"search_term_string"}}],"inLanguage":"ca"},{"@type":"Organization","@id":"https:\/\/rmterapias.es\/ca\/#organization","name":"RM Terapias","url":"https:\/\/rmterapias.es\/ca\/","logo":{"@type":"ImageObject","inLanguage":"ca","@id":"https:\/\/rmterapias.es\/ca\/#\/schema\/logo\/image\/","url":"https:\/\/rmterapias.es\/wp-content\/uploads\/2023\/08\/Logo-RM-Terapias-Negro.png","contentUrl":"https:\/\/rmterapias.es\/wp-content\/uploads\/2023\/08\/Logo-RM-Terapias-Negro.png","width":1913,"height":1283,"caption":"RM Terapias"},"image":{"@id":"https:\/\/rmterapias.es\/ca\/#\/schema\/logo\/image\/"}}]}},"_links":{"self":[{"href":"https:\/\/rmterapias.es\/ca\/wp-json\/wp\/v2\/pages\/15222","targetHints":{"allow":["GET"]}}],"collection":[{"href":"https:\/\/rmterapias.es\/ca\/wp-json\/wp\/v2\/pages"}],"about":[{"href":"https:\/\/rmterapias.es\/ca\/wp-json\/wp\/v2\/types\/page"}],"author":[{"embeddable":true,"href":"https:\/\/rmterapias.es\/ca\/wp-json\/wp\/v2\/users\/1"}],"replies":[{"embeddable":true,"href":"https:\/\/rmterapias.es\/ca\/wp-json\/wp\/v2\/comments?post=15222"}],"version-history":[{"count":7,"href":"https:\/\/rmterapias.es\/ca\/wp-json\/wp\/v2\/pages\/15222\/revisions"}],"predecessor-version":[{"id":15369,"href":"https:\/\/rmterapias.es\/ca\/wp-json\/wp\/v2\/pages\/15222\/revisions\/15369"}],"wp:featuredmedia":[{"embeddable":true,"href":"https:\/\/rmterapias.es\/ca\/wp-json\/wp\/v2\/media\/15185"}],"wp:attachment":[{"href":"https:\/\/rmterapias.es\/ca\/wp-json\/wp\/v2\/media?parent=15222"}],"curies":[{"name":"wp","href":"https:\/\/api.w.org\/{rel}","templated":true}]}}